{"id":735,"date":"2025-09-23T08:59:05","date_gmt":"2025-09-23T06:59:05","guid":{"rendered":"https:\/\/psicologianurialopez.es\/?page_id=735"},"modified":"2025-09-23T08:59:06","modified_gmt":"2025-09-23T06:59:06","slug":"condiciones-de-venta","status":"publish","type":"page","link":"https:\/\/psicologianurialopez.es\/en\/condiciones-de-venta\/","title":{"rendered":"Condiciones de venta"},"content":{"rendered":"<p><strong>1. Partes del contrato<\/strong><\/p>\n\n\n\n<p>Las partes son Nuria L\u00f3pez Marcos, psic\u00f3loga colegiada N\u00ba M-28423, como VENDEDORA, y el USUARIO que contrata los servicios profesionales de psicolog\u00eda.<\/p>\n\n\n\n<p><strong>2. Objeto del contrato<\/strong><\/p>\n\n\n\n<p>El objeto son los servicios de psicolog\u00eda ofrecidos por la VENDEDORA de forma presencial en su centro y online a trav\u00e9s de videoconsulta.<\/p>\n\n\n\n<p><strong>3. Precios<\/strong><\/p>\n\n\n\n<p>Los precios podr\u00e1 consultarlos a trav\u00e9s de las v\u00edas de contacto.&nbsp; La VENDEDORA puede modificar los precios en cualquier momento.<\/p>\n\n\n\n<p><strong>4. Forma de pago<\/strong><\/p>\n\n\n\n<p>El pago de las consultas presenciales es en efectivo, bizum o transferencia.<\/p>\n\n\n\n<p>El pago de las consultas online se realiza por transferencia bancaria o bizum antes de la videoconsulta.<\/p>\n\n\n\n<p><strong>5. Duraci\u00f3n<\/strong><\/p>\n\n\n\n<p>La duraci\u00f3n est\u00e1ndar de las consultas individuales y de pareja es de 50 minutos. Las consultas de&nbsp; familia tienen una duraci\u00f3n de 90 minutos.<\/p>\n\n\n\n<p><strong>6. Cancelaciones<\/strong><\/p>\n\n\n\n<p>Para cancelar una cita presencial o videoconsulta el USUARIO debe notificarlo con al menos 48 horas de antelaci\u00f3n.<\/p>\n\n\n\n<p><strong>7. Confidencialidad<\/strong><\/p>\n\n\n\n<p>La VENDEDORA se compromete a mantener la confidencialidad de las sesiones seg\u00fan la normativa \u00e9tica profesional.<\/p>\n\n\n\n<p><strong>8. Legislaci\u00f3n aplicable y jurisdicci\u00f3n<\/strong><\/p>\n\n\n\n<p>La compra de los servicios profesionales de la psic\u00f3loga Nuria L\u00f3pez Marcos se rige por la legislaci\u00f3n espa\u00f1ola vigente. En caso de litigio ser\u00e1n competentes los juzgados y tribunales de Madrid capital.<\/p>\n\n\n\n<p><strong>9. Aceptaci\u00f3n de las condiciones<\/strong><\/p>\n\n\n\n<p>La contrataci\u00f3n de los servicios implica la aceptaci\u00f3n plena de estas condiciones de venta.<\/p>","protected":false},"excerpt":{"rendered":"<p>1. Partes del contrato Las partes son Nuria L\u00f3pez Marcos, psic\u00f3loga colegiada N\u00ba M-28423, como VENDEDORA, y el USUARIO que contrata los servicios profesionales de psicolog\u00eda. 2. Objeto del contrato El objeto son los servicios de psicolog\u00eda ofrecidos por la VENDEDORA de forma presencial en su centro y online a trav\u00e9s de videoconsulta. 3. Precios [&hellip;]<\/p>\n","protected":false},"author":2,"featured_media":0,"parent":0,"menu_order":0,"comment_status":"closed","ping_status":"closed","template":"","meta":{"footnotes":""},"class_list":["post-735","page","type-page","status-publish","hentry"],"_links":{"self":[{"href":"https:\/\/psicologianurialopez.es\/en\/wp-json\/wp\/v2\/pages\/735","targetHints":{"allow":["GET"]}}],"collection":[{"href":"https:\/\/psicologianurialopez.es\/en\/wp-json\/wp\/v2\/pages"}],"about":[{"href":"https:\/\/psicologianurialopez.es\/en\/wp-json\/wp\/v2\/types\/page"}],"author":[{"embeddable":true,"href":"https:\/\/psicologianurialopez.es\/en\/wp-json\/wp\/v2\/users\/2"}],"replies":[{"embeddable":true,"href":"https:\/\/psicologianurialopez.es\/en\/wp-json\/wp\/v2\/comments?post=735"}],"version-history":[{"count":1,"href":"https:\/\/psicologianurialopez.es\/en\/wp-json\/wp\/v2\/pages\/735\/revisions"}],"predecessor-version":[{"id":736,"href":"https:\/\/psicologianurialopez.es\/en\/wp-json\/wp\/v2\/pages\/735\/revisions\/736"}],"wp:attachment":[{"href":"https:\/\/psicologianurialopez.es\/en\/wp-json\/wp\/v2\/media?parent=735"}],"curies":[{"name":"wp","href":"https:\/\/api.w.org\/{rel}","templated":true}]}}