{"id":433,"date":"2025-08-28T14:29:40","date_gmt":"2025-08-28T12:29:40","guid":{"rendered":"https:\/\/psicologianurialopez.es\/?page_id=433"},"modified":"2025-10-02T18:52:01","modified_gmt":"2025-10-02T16:52:01","slug":"psicologo-online-madrid","status":"publish","type":"page","link":"https:\/\/psicologianurialopez.es\/en\/psicologo-online-madrid\/","title":{"rendered":"Psic\u00f3logo online Madrid"},"content":{"rendered":"<div data-elementor-type=\"wp-page\" data-elementor-id=\"433\" class=\"elementor elementor-433\" data-elementor-post-type=\"page\">\n\t\t\t\t<div class=\"elementor-element elementor-element-60d380e e-flex e-con-boxed e-con e-parent\" data-id=\"60d380e\" data-element_type=\"container\" data-e-type=\"container\" data-settings=\"{&quot;background_background&quot;:&quot;classic&quot;}\">\n\t\t\t\t\t<div class=\"e-con-inner\">\n\t\t<div class=\"elementor-element elementor-element-4ec3d95 e-con-full e-flex e-con e-child\" data-id=\"4ec3d95\" data-element_type=\"container\" data-e-type=\"container\" data-settings=\"{&quot;background_background&quot;:&quot;classic&quot;}\">\n\t\t\t\t<div class=\"elementor-element elementor-element-07a5165 elementor-widget elementor-widget-heading\" data-id=\"07a5165\" data-element_type=\"widget\" data-e-type=\"widget\" data-widget_type=\"heading.default\">\n\t\t\t\t\t<h1 class=\"elementor-heading-title elementor-size-default\">Psic\u00f3logo online en Madrid<\/h1>\t\t\t\t<\/div>\n\t\t\t\t<div class=\"elementor-element elementor-element-0e11573 elementor-widget elementor-widget-text-editor\" data-id=\"0e11573\" data-element_type=\"widget\" data-e-type=\"widget\" data-widget_type=\"text-editor.default\">\n\t\t\t\t\t\t\t\t\t<p><span style=\"font-weight: 400;\">Ofrecemos nuestras terapias en formato online para poder acompa\u00f1ar a personas que se encuentran fuera de Espa\u00f1a o que, por otros motivos, no es posible realizar un proceso presencial.<\/span><\/p><p><span style=\"font-weight: 400;\">En Psicolog\u00eda Nuria L\u00f3pez prima la calidad de la atenci\u00f3n y la profesionalidad de nuestros terapeutas, por ello, hacemos una evaluaci\u00f3n del caso para determinar la modalidad m\u00e1s adecuada para cada proceso.<\/span><\/p>\t\t\t\t\t\t\t\t<\/div>\n\t\t\t\t<div class=\"elementor-element elementor-element-c2a99e2 elementor-widget elementor-widget-button\" data-id=\"c2a99e2\" data-element_type=\"widget\" data-e-type=\"widget\" data-widget_type=\"button.default\">\n\t\t\t\t\t\t\t\t\t\t<a class=\"elementor-button elementor-button-link elementor-size-sm\" href=\"https:\/\/psicologianurialopez.es\/en\/contacto\/\">\n\t\t\t\t\t\t<span class=\"elementor-button-content-wrapper\">\n\t\t\t\t\t\t\t\t\t<span class=\"elementor-button-text\">agendar una cita<\/span>\n\t\t\t\t\t<\/span>\n\t\t\t\t\t<\/a>\n\t\t\t\t\t\t\t\t<\/div>\n\t\t\t\t<\/div>\n\t\t<div class=\"elementor-element elementor-element-ecc689f e-con-full elementor-hidden-mobile e-flex e-con e-child\" data-id=\"ecc689f\" data-element_type=\"container\" data-e-type=\"container\" data-settings=\"{&quot;background_background&quot;:&quot;classic&quot;}\">\n\t\t\t\t<div class=\"elementor-element elementor-element-0720da5 elementor-absolute elementor-hidden-desktop elementor-hidden-tablet elementor-hidden-mobile elementor-widget elementor-widget-elementskit-video\" data-id=\"0720da5\" data-element_type=\"widget\" data-e-type=\"widget\" data-settings=\"{&quot;_position&quot;:&quot;absolute&quot;}\" data-widget_type=\"elementskit-video.default\">\n\t\t\t\t<div class=\"elementor-widget-container\">\n\t\t\t\t\t<div class=\"ekit-wid-con\" >\t\t<div class=\"video-content\" data-video-player=\"[]\" data-video-setting=\"{&quot;videoVolume&quot;:&quot;horizontal&quot;,&quot;startVolume&quot;:0.8,&quot;videoType&quot;:&quot;iframe&quot;,&quot;videoClass&quot;:&quot;mfp-fade&quot;,&quot;popupIcon&quot;:{&quot;value&quot;:&quot;icon icon-cancel&quot;,&quot;library&quot;:&quot;ekiticons&quot;},&quot;videoStyle&quot;:&quot;popup&quot;,&quot;videoTypeName&quot;:&quot;youtube&quot;,&quot;autoplay&quot;:false,&quot;muted&quot;:false,&quot;loop&quot;:false}\">\n\t\t\t\n<a class=\"ekit_icon_button glow-ripple ekit-video-popup ekit-video-popup-btn\" href=\"https:\/\/www.youtube.com\/embed\/ScMzIvxBSi4?feature=oembed?playlist=ScMzIvxBSi4&amp;mute=0&amp;autoplay=0&amp;loop=no&amp;controls=0&amp;start=0&amp;end=\" aria-label=\"video-popup\" target=\"_blank\" rel=\"noopener\">\n\t\t\t\t<i aria-hidden=\"true\" class=\"icon icon-play-button\"><\/i>\t\t\n\t\t\t<\/a>\n\t\t\t\t\t<\/div>\n\t\t<\/div>\t\t\t\t<\/div>\n\t\t\t\t<\/div>\n\t\t\t\t<\/div>\n\t\t\t\t\t<\/div>\n\t\t\t\t<\/div>\n\t\t<div class=\"elementor-element elementor-element-234be8a e-flex e-con-boxed e-con e-parent\" data-id=\"234be8a\" data-element_type=\"container\" data-e-type=\"container\">\n\t\t\t\t\t<div class=\"e-con-inner\">\n\t\t<div class=\"elementor-element elementor-element-0da2c0b e-con-full e-flex elementor-invisible e-con e-child\" data-id=\"0da2c0b\" data-element_type=\"container\" data-e-type=\"container\" data-settings=\"{&quot;animation&quot;:&quot;fadeInLeft&quot;}\">\n\t\t\t\t<div class=\"elementor-element elementor-element-aab9f70 elementor-widget elementor-widget-image\" data-id=\"aab9f70\" data-element_type=\"widget\" data-e-type=\"widget\" data-widget_type=\"image.default\">\n\t\t\t\t\t\t\t\t\t\t\t\t\t\t\t<img fetchpriority=\"high\" decoding=\"async\" width=\"2000\" height=\"1500\" src=\"https:\/\/psicologianurialopez.es\/wp-content\/uploads\/2025\/09\/T.-ONLINE.jpeg\" class=\"attachment-full size-full wp-image-555\" alt=\"psicologa online en torrejon\" srcset=\"https:\/\/psicologianurialopez.es\/wp-content\/uploads\/2025\/09\/T.-ONLINE.jpeg 2000w, https:\/\/psicologianurialopez.es\/wp-content\/uploads\/2025\/09\/T.-ONLINE-300x225.jpeg 300w, https:\/\/psicologianurialopez.es\/wp-content\/uploads\/2025\/09\/T.-ONLINE-1024x768.jpeg 1024w, https:\/\/psicologianurialopez.es\/wp-content\/uploads\/2025\/09\/T.-ONLINE-768x576.jpeg 768w, https:\/\/psicologianurialopez.es\/wp-content\/uploads\/2025\/09\/T.-ONLINE-1536x1152.jpeg 1536w\" sizes=\"(max-width: 2000px) 100vw, 2000px\" \/>\t\t\t\t\t\t\t\t\t\t\t\t\t\t\t<\/div>\n\t\t\t\t<\/div>\n\t\t<div class=\"elementor-element elementor-element-e18efa8 e-con-full e-flex elementor-invisible e-con e-child\" data-id=\"e18efa8\" data-element_type=\"container\" data-e-type=\"container\" data-settings=\"{&quot;animation&quot;:&quot;fadeInRight&quot;}\">\n\t\t\t\t<div class=\"elementor-element elementor-element-4261e81 elementor-widget elementor-widget-heading\" data-id=\"4261e81\" data-element_type=\"widget\" data-e-type=\"widget\" data-widget_type=\"heading.default\">\n\t\t\t\t\t<h2 class=\"elementor-heading-title elementor-size-default\">Qu\u00e9 es la terapia psicol\u00f3gica online<\/h2>\t\t\t\t<\/div>\n\t\t\t\t<div class=\"elementor-element elementor-element-db2ebef elementor-widget elementor-widget-text-editor\" data-id=\"db2ebef\" data-element_type=\"widget\" data-e-type=\"widget\" data-widget_type=\"text-editor.default\">\n\t\t\t\t\t\t\t\t\t<p>La terapia online consiste en sesiones a distancia mediante videollamada, totalmente confidenciales y adaptadas a tus necesidades. Este formato permite mantener la continuidad de tu proceso terap\u00e9utico sin interrupciones y con la comodidad de hacerlo desde casa, la oficina o cualquier lugar donde te sientas c\u00f3modo\/a.<\/p>\t\t\t\t\t\t\t\t<\/div>\n\t\t\t\t<div class=\"elementor-element elementor-element-76728a2 elementor-widget elementor-widget-heading\" data-id=\"76728a2\" data-element_type=\"widget\" data-e-type=\"widget\" data-widget_type=\"heading.default\">\n\t\t\t\t\t<h2 class=\"elementor-heading-title elementor-size-default\">Beneficios de la psicolog\u00eda online<\/h2>\t\t\t\t<\/div>\n\t\t\t\t<div class=\"elementor-element elementor-element-3af80f5 elementor-widget elementor-widget-text-editor\" data-id=\"3af80f5\" data-element_type=\"widget\" data-e-type=\"widget\" data-widget_type=\"text-editor.default\">\n\t\t\t\t\t\t\t\t\t<p data-start=\"1713\" data-end=\"1823\">Elegir un psic\u00f3logo online en Madrid ofrece m\u00faltiples ventajas:<\/p><ul data-start=\"1824\" data-end=\"2332\"><li data-start=\"1824\" data-end=\"1914\"><p data-start=\"1826\" data-end=\"1914\"><strong data-start=\"1826\" data-end=\"1840\">Comodidad:<\/strong> accede a las sesiones sin desplazamientos, ahorrando tiempo y esfuerzo.<\/p><\/li><li data-start=\"1915\" data-end=\"1987\"><p data-start=\"1917\" data-end=\"1987\"><strong data-start=\"1917\" data-end=\"1934\">Flexibilidad:<\/strong> adapta las sesiones a tu horario y disponibilidad.<\/p><\/li><li data-start=\"1988\" data-end=\"2095\"><p data-start=\"1990\" data-end=\"2095\"><strong data-start=\"1990\" data-end=\"2006\">Continuidad:<\/strong> permite mantener la terapia sin interrupciones, incluso si viajas o cambias de ciudad.<\/p><\/li><li data-start=\"2207\" data-end=\"2332\"><p data-start=\"2209\" data-end=\"2332\"><strong data-start=\"2209\" data-end=\"2235\">Variedad de servicios:<\/strong> se puede trabajar con adultos, parejas, familias o ni\u00f1os, adaptando t\u00e9cnicas a cada necesidad.<\/p><\/li><\/ul>\t\t\t\t\t\t\t\t<\/div>\n\t\t\t\t<\/div>\n\t\t\t\t\t<\/div>\n\t\t\t\t<\/div>\n\t\t<div class=\"elementor-element elementor-element-04646de e-flex e-con-boxed e-con e-parent\" data-id=\"04646de\" data-element_type=\"container\" data-e-type=\"container\">\n\t\t\t\t\t<div class=\"e-con-inner\">\n\t\t<div class=\"elementor-element elementor-element-a3698d0 e-con-full e-flex elementor-invisible e-con e-child\" data-id=\"a3698d0\" data-element_type=\"container\" data-e-type=\"container\" data-settings=\"{&quot;animation&quot;:&quot;fadeInLeft&quot;}\">\n\t\t\t\t<div class=\"elementor-element elementor-element-dd0388f elementor-widget elementor-widget-image\" data-id=\"dd0388f\" data-element_type=\"widget\" data-e-type=\"widget\" data-widget_type=\"image.default\">\n\t\t\t\t\t\t\t\t\t\t\t\t\t\t\t<img decoding=\"async\" width=\"1200\" height=\"898\" src=\"https:\/\/psicologianurialopez.es\/wp-content\/uploads\/2025\/09\/7ce62470-e4d5-4f7f-a804-b2ec9a9faf9e.webp\" class=\"attachment-full size-full wp-image-537\" alt=\"psicologa duelo en torrejon\" srcset=\"https:\/\/psicologianurialopez.es\/wp-content\/uploads\/2025\/09\/7ce62470-e4d5-4f7f-a804-b2ec9a9faf9e.webp 1200w, https:\/\/psicologianurialopez.es\/wp-content\/uploads\/2025\/09\/7ce62470-e4d5-4f7f-a804-b2ec9a9faf9e-300x225.webp 300w, https:\/\/psicologianurialopez.es\/wp-content\/uploads\/2025\/09\/7ce62470-e4d5-4f7f-a804-b2ec9a9faf9e-1024x766.webp 1024w, https:\/\/psicologianurialopez.es\/wp-content\/uploads\/2025\/09\/7ce62470-e4d5-4f7f-a804-b2ec9a9faf9e-768x575.webp 768w\" sizes=\"(max-width: 1200px) 100vw, 1200px\" \/>\t\t\t\t\t\t\t\t\t\t\t\t\t\t\t<\/div>\n\t\t\t\t<\/div>\n\t\t<div class=\"elementor-element elementor-element-06fb9af e-con-full e-flex elementor-invisible e-con e-child\" data-id=\"06fb9af\" data-element_type=\"container\" data-e-type=\"container\" data-settings=\"{&quot;animation&quot;:&quot;fadeInRight&quot;}\">\n\t\t\t\t<div class=\"elementor-element elementor-element-4449a93 elementor-widget elementor-widget-heading\" data-id=\"4449a93\" data-element_type=\"widget\" data-e-type=\"widget\" data-widget_type=\"heading.default\">\n\t\t\t\t\t<h2 class=\"elementor-heading-title elementor-size-default\">Para qui\u00e9n es la terapia online<\/h2>\t\t\t\t<\/div>\n\t\t\t\t<div class=\"elementor-element elementor-element-3f9af0f elementor-widget elementor-widget-text-editor\" data-id=\"3f9af0f\" data-element_type=\"widget\" data-e-type=\"widget\" data-widget_type=\"text-editor.default\">\n\t\t\t\t\t\t\t\t\t<p><span style=\"font-weight: 400;\">Evaluando previamente el caso, la terapia online es adecuada para personas de todas las edades que se encuentren en cualquier lugar del mundo:<\/span><\/p>\t\t\t\t\t\t\t\t<\/div>\n\t\t\t\t<div class=\"elementor-element elementor-element-54f6465 elementor-align-start elementor-icon-list--layout-traditional elementor-list-item-link-full_width elementor-widget elementor-widget-icon-list\" data-id=\"54f6465\" data-element_type=\"widget\" data-e-type=\"widget\" data-widget_type=\"icon-list.default\">\n\t\t\t\t\t\t\t<ul class=\"elementor-icon-list-items\">\n\t\t\t\t\t\t\t<li class=\"elementor-icon-list-item\">\n\t\t\t\t\t\t\t\t\t\t\t<span class=\"elementor-icon-list-icon\">\n\t\t\t\t\t\t\t<i aria-hidden=\"true\" class=\"icon icon-arrow-right-circle\"><\/i>\t\t\t\t\t\t<\/span>\n\t\t\t\t\t\t\t\t\t\t<span class=\"elementor-icon-list-text\">Adultos que buscan apoyo emocional, manejo del estr\u00e9s, ansiedad o depresi\u00f3n<\/span>\n\t\t\t\t\t\t\t\t\t<\/li>\n\t\t\t\t\t\t\t\t<li class=\"elementor-icon-list-item\">\n\t\t\t\t\t\t\t\t\t\t\t<span class=\"elementor-icon-list-icon\">\n\t\t\t\t\t\t\t<i aria-hidden=\"true\" class=\"icon icon-arrow-right-circle\"><\/i>\t\t\t\t\t\t<\/span>\n\t\t\t\t\t\t\t\t\t\t<span class=\"elementor-icon-list-text\">Parejas que desean mejorar la comunicaci\u00f3n y la relaci\u00f3n<\/span>\n\t\t\t\t\t\t\t\t\t<\/li>\n\t\t\t\t\t\t\t\t<li class=\"elementor-icon-list-item\">\n\t\t\t\t\t\t\t\t\t\t\t<span class=\"elementor-icon-list-icon\">\n\t\t\t\t\t\t\t<i aria-hidden=\"true\" class=\"icon icon-arrow-right-circle\"><\/i>\t\t\t\t\t\t<\/span>\n\t\t\t\t\t\t\t\t\t\t<span class=\"elementor-icon-list-text\">Familias que necesitan resolver conflictos o mejorar la convivencia<\/span>\n\t\t\t\t\t\t\t\t\t<\/li>\n\t\t\t\t\t\t\t\t<li class=\"elementor-icon-list-item\">\n\t\t\t\t\t\t\t\t\t\t\t<span class=\"elementor-icon-list-icon\">\n\t\t\t\t\t\t\t<i aria-hidden=\"true\" class=\"icon icon-arrow-right-circle\"><\/i>\t\t\t\t\t\t<\/span>\n\t\t\t\t\t\t\t\t\t\t<span class=\"elementor-icon-list-text\">Ni\u00f1os y adolescentes que requieren atenci\u00f3n en el \u00e1rea emocional o educativa<\/span>\n\t\t\t\t\t\t\t\t\t<\/li>\n\t\t\t\t\t\t<\/ul>\n\t\t\t\t\t\t<\/div>\n\t\t\t\t<\/div>\n\t\t\t\t\t<\/div>\n\t\t\t\t<\/div>\n\t\t<div class=\"elementor-element elementor-element-0d8d9ac e-flex e-con-boxed e-con e-parent\" data-id=\"0d8d9ac\" data-element_type=\"container\" data-e-type=\"container\" data-settings=\"{&quot;background_background&quot;:&quot;classic&quot;}\">\n\t\t\t\t\t<div class=\"e-con-inner\">\n\t\t<div class=\"elementor-element elementor-element-ef55ab1 e-flex e-con-boxed e-con e-child\" data-id=\"ef55ab1\" data-element_type=\"container\" data-e-type=\"container\">\n\t\t\t\t\t<div class=\"e-con-inner\">\n\t\t\t\t<div class=\"elementor-element elementor-element-087bd3d elementor-widget elementor-widget-heading\" data-id=\"087bd3d\" data-element_type=\"widget\" data-e-type=\"widget\" data-widget_type=\"heading.default\">\n\t\t\t\t\t<h2 class=\"elementor-heading-title elementor-size-default\">C\u00f3mo trabajamos en Psicolog\u00eda Nuria L\u00f3pez<\/h2>\t\t\t\t<\/div>\n\t\t\t\t\t<\/div>\n\t\t\t\t<\/div>\n\t\t<div class=\"elementor-element elementor-element-af1fda9 e-flex e-con-boxed e-con e-child\" data-id=\"af1fda9\" data-element_type=\"container\" data-e-type=\"container\">\n\t\t\t\t\t<div class=\"e-con-inner\">\n\t\t<div class=\"elementor-element elementor-element-b606542 e-con-full e-flex elementor-invisible e-con e-child\" data-id=\"b606542\" data-element_type=\"container\" data-e-type=\"container\" data-settings=\"{&quot;background_background&quot;:&quot;classic&quot;,&quot;animation&quot;:&quot;fadeInDown&quot;}\">\n\t\t\t\t<div class=\"elementor-element elementor-element-b40a535 elementor-view-stacked elementor-shape-circle elementor-position-block-start elementor-mobile-position-block-start elementor-widget elementor-widget-icon-box\" data-id=\"b40a535\" data-element_type=\"widget\" data-e-type=\"widget\" data-widget_type=\"icon-box.default\">\n\t\t\t\t\t\t\t<div class=\"elementor-icon-box-wrapper\">\n\n\t\t\t\t\t\t<div class=\"elementor-icon-box-icon\">\n\t\t\t\t<span  class=\"elementor-icon\">\n\t\t\t\t<svg aria-hidden=\"true\" class=\"e-font-icon-svg e-fas-people-arrows\" viewbox=\"0 0 576 512\" xmlns=\"http:\/\/www.w3.org\/2000\/svg\"><path d=\"M96,128A64,64,0,1,0,32,64,64,64,0,0,0,96,128Zm0,176.08a44.11,44.11,0,0,1,13.64-32L181.77,204c1.65-1.55,3.77-2.31,5.61-3.57A63.91,63.91,0,0,0,128,160H64A64,64,0,0,0,0,224v96a32,32,0,0,0,32,32V480a32,32,0,0,0,32,32h64a32,32,0,0,0,32-32V383.61l-50.36-47.53A44.08,44.08,0,0,1,96,304.08ZM480,128a64,64,0,1,0-64-64A64,64,0,0,0,480,128Zm32,32H448a63.91,63.91,0,0,0-59.38,40.42c1.84,1.27,4,2,5.62,3.59l72.12,68.06a44.37,44.37,0,0,1,0,64L416,383.62V480a32,32,0,0,0,32,32h64a32,32,0,0,0,32-32V352a32,32,0,0,0,32-32V224A64,64,0,0,0,512,160ZM444.4,295.34l-72.12-68.06A12,12,0,0,0,352,236v36H224V236a12,12,0,0,0-20.28-8.73L131.6,295.34a12.4,12.4,0,0,0,0,17.47l72.12,68.07A12,12,0,0,0,224,372.14V336H352v36.14a12,12,0,0,0,20.28,8.74l72.12-68.07A12.4,12.4,0,0,0,444.4,295.34Z\"><\/path><\/svg>\t\t\t\t<\/span>\n\t\t\t<\/div>\n\t\t\t\n\t\t\t\t\t\t<div class=\"elementor-icon-box-content\">\n\n\t\t\t\t\t\t\t\t\t<h3 class=\"elementor-icon-box-title\">\n\t\t\t\t\t\t<span  >\n\t\t\t\t\t\t\tAtenci\u00f3n personalizada y segura\t\t\t\t\t\t<\/span>\n\t\t\t\t\t<\/h3>\n\t\t\t\t\n\t\t\t\t\t\t\t\t\t<p class=\"elementor-icon-box-description\">\n\t\t\t\t\t\tCada sesi\u00f3n se adapta a las necesidades y objetivos del paciente, garantizando un entorno seguro y respetuoso donde puedas expresarte libremente y avanzar a tu ritmo.\t\t\t\t\t<\/p>\n\t\t\t\t\n\t\t\t<\/div>\n\t\t\t\n\t\t<\/div>\n\t\t\t\t\t\t<\/div>\n\t\t\t\t<\/div>\n\t\t<div class=\"elementor-element elementor-element-b9fa477 e-con-full e-flex elementor-invisible e-con e-child\" data-id=\"b9fa477\" data-element_type=\"container\" data-e-type=\"container\" data-settings=\"{&quot;background_background&quot;:&quot;classic&quot;,&quot;animation&quot;:&quot;fadeInDown&quot;}\">\n\t\t\t\t<div class=\"elementor-element elementor-element-462e349 elementor-view-stacked elementor-shape-circle elementor-position-block-start elementor-mobile-position-block-start elementor-widget elementor-widget-icon-box\" data-id=\"462e349\" data-element_type=\"widget\" data-e-type=\"widget\" data-widget_type=\"icon-box.default\">\n\t\t\t\t\t\t\t<div class=\"elementor-icon-box-wrapper\">\n\n\t\t\t\t\t\t<div class=\"elementor-icon-box-icon\">\n\t\t\t\t<span  class=\"elementor-icon\">\n\t\t\t\t<svg aria-hidden=\"true\" class=\"e-font-icon-svg e-fas-hand-holding-heart\" viewbox=\"0 0 576 512\" xmlns=\"http:\/\/www.w3.org\/2000\/svg\"><path d=\"M275.3 250.5c7 7.4 18.4 7.4 25.5 0l108.9-114.2c31.6-33.2 29.8-88.2-5.6-118.8-30.8-26.7-76.7-21.9-104.9 7.7L288 36.9l-11.1-11.6C248.7-4.4 202.8-9.2 172 17.5c-35.3 30.6-37.2 85.6-5.6 118.8l108.9 114.2zm290 77.6c-11.8-10.7-30.2-10-42.6 0L430.3 402c-11.3 9.1-25.4 14-40 14H272c-8.8 0-16-7.2-16-16s7.2-16 16-16h78.3c15.9 0 30.7-10.9 33.3-26.6 3.3-20-12.1-37.4-31.6-37.4H192c-27 0-53.1 9.3-74.1 26.3L71.4 384H16c-8.8 0-16 7.2-16 16v96c0 8.8 7.2 16 16 16h356.8c14.5 0 28.6-4.9 40-14L564 377c15.2-12.1 16.4-35.3 1.3-48.9z\"><\/path><\/svg>\t\t\t\t<\/span>\n\t\t\t<\/div>\n\t\t\t\n\t\t\t\t\t\t<div class=\"elementor-icon-box-content\">\n\n\t\t\t\t\t\t\t\t\t<h3 class=\"elementor-icon-box-title\">\n\t\t\t\t\t\t<span  >\n\t\t\t\t\t\t\tFlexibilidad y comodidad\t\t\t\t\t\t<\/span>\n\t\t\t\t\t<\/h3>\n\t\t\t\t\n\t\t\t\t\t\t\t\t\t<p class=\"elementor-icon-box-description\">\n\t\t\t\t\t\tLa terapia online facilita que contin\u00faes tu proceso sin interrupciones, eligiendo el lugar y el momento que mejor se adapte a tu vida. Esto es especialmente \u00fatil para quienes tienen agendas ajustadas o dificultades de desplazamiento.\t\t\t\t\t<\/p>\n\t\t\t\t\n\t\t\t<\/div>\n\t\t\t\n\t\t<\/div>\n\t\t\t\t\t\t<\/div>\n\t\t\t\t<\/div>\n\t\t\t\t\t<\/div>\n\t\t\t\t<\/div>\n\t\t\t\t\t<\/div>\n\t\t\t\t<\/div>\n\t\t<div class=\"elementor-element elementor-element-c4ece02 e-flex e-con-boxed e-con e-parent\" data-id=\"c4ece02\" data-element_type=\"container\" data-e-type=\"container\" data-settings=\"{&quot;background_background&quot;:&quot;classic&quot;}\">\n\t\t\t\t\t<div class=\"e-con-inner\">\n\t\t<div class=\"elementor-element elementor-element-57a0e54 e-con-full e-flex elementor-invisible e-con e-child\" data-id=\"57a0e54\" data-element_type=\"container\" data-e-type=\"container\" data-settings=\"{&quot;animation&quot;:&quot;fadeInRight&quot;}\">\n\t\t\t\t<div class=\"elementor-element elementor-element-e1cc2ae elementor-widget elementor-widget-heading\" data-id=\"e1cc2ae\" data-element_type=\"widget\" data-e-type=\"widget\" data-widget_type=\"heading.default\">\n\t\t\t\t\t<h2 class=\"elementor-heading-title elementor-size-default\">Sobre m\u00ed<\/h2>\t\t\t\t<\/div>\n\t\t\t\t<div class=\"elementor-element elementor-element-d932a6d elementor-widget elementor-widget-text-editor\" data-id=\"d932a6d\" data-element_type=\"widget\" data-e-type=\"widget\" data-widget_type=\"text-editor.default\">\n\t\t\t\t\t\t\t\t\t<p><span style=\"font-weight: 400;\">Soy Nuria L\u00f3pez, psic\u00f3loga cl\u00ednica sanitaria, neuropsic\u00f3loga y experta en terapia emocional sist\u00e9mica.<\/span><\/p><p><span style=\"font-weight: 400;\">Acompa\u00f1amos a adultos, parejas, familias, ni\u00f1os y adolescentes con historias y necesidades muy diferentes (est\u00e9s, ansiedad, depresi\u00f3n, duelo, alta sensibilidad, alta capacidad, neurodivergencias, desarrollo emocional infantil y adolescente).<\/span><\/p><p><span style=\"font-weight: 400;\">Nuestro equipo cuenta con formaci\u00f3n espec\u00edfica para realizar terapia online, utilizando t\u00e9cnicas y estrategias que ayudan en el proceso terap\u00e9utico y nos acercan a cada persona en cualquier lugar donde se encuentre.<\/span><\/p>\t\t\t\t\t\t\t\t<\/div>\n\t\t\t\t<div class=\"elementor-element elementor-element-18440c4 elementor-widget elementor-widget-button\" data-id=\"18440c4\" data-element_type=\"widget\" data-e-type=\"widget\" data-widget_type=\"button.default\">\n\t\t\t\t\t\t\t\t\t\t<a class=\"elementor-button elementor-button-link elementor-size-sm\" href=\"https:\/\/psicologianurialopez.es\/en\/nosotras\/\">\n\t\t\t\t\t\t<span class=\"elementor-button-content-wrapper\">\n\t\t\t\t\t\t\t\t\t<span class=\"elementor-button-text\">conoce el equipo<\/span>\n\t\t\t\t\t<\/span>\n\t\t\t\t\t<\/a>\n\t\t\t\t\t\t\t\t<\/div>\n\t\t\t\t<\/div>\n\t\t<div class=\"elementor-element elementor-element-623ced4 e-con-full e-flex e-con e-child\" data-id=\"623ced4\" data-element_type=\"container\" data-e-type=\"container\">\n\t\t\t\t<div class=\"elementor-element elementor-element-7468321 elementor-widget elementor-widget-image\" data-id=\"7468321\" data-element_type=\"widget\" data-e-type=\"widget\" data-widget_type=\"image.default\">\n\t\t\t\t\t\t\t\t\t\t\t\t\t\t\t<img decoding=\"async\" width=\"1500\" height=\"2048\" src=\"https:\/\/psicologianurialopez.es\/wp-content\/uploads\/2025\/08\/Diseno-sin-titulo-88-1.png\" class=\"attachment-full size-full wp-image-114\" alt=\"psicologa torrejon\" srcset=\"https:\/\/psicologianurialopez.es\/wp-content\/uploads\/2025\/08\/Diseno-sin-titulo-88-1.png 1500w, https:\/\/psicologianurialopez.es\/wp-content\/uploads\/2025\/08\/Diseno-sin-titulo-88-1-220x300.png 220w, https:\/\/psicologianurialopez.es\/wp-content\/uploads\/2025\/08\/Diseno-sin-titulo-88-1-750x1024.png 750w, https:\/\/psicologianurialopez.es\/wp-content\/uploads\/2025\/08\/Diseno-sin-titulo-88-1-768x1049.png 768w, https:\/\/psicologianurialopez.es\/wp-content\/uploads\/2025\/08\/Diseno-sin-titulo-88-1-1125x1536.png 1125w\" sizes=\"(max-width: 1500px) 100vw, 1500px\" \/>\t\t\t\t\t\t\t\t\t\t\t\t\t\t\t<\/div>\n\t\t\t\t<\/div>\n\t\t\t\t\t<\/div>\n\t\t\t\t<\/div>\n\t\t\t\t<\/div>","protected":false},"excerpt":{"rendered":"<p>Psic\u00f3logo online en Madrid Ofrecemos nuestras terapias en formato online para poder acompa\u00f1ar a personas que se encuentran fuera de Espa\u00f1a o que, por otros motivos, no es posible realizar un proceso presencial. En Psicolog\u00eda Nuria L\u00f3pez prima la calidad de la atenci\u00f3n y la profesionalidad de nuestros terapeutas, por ello, hacemos una evaluaci\u00f3n del [&hellip;]<\/p>\n","protected":false},"author":2,"featured_media":0,"parent":0,"menu_order":0,"comment_status":"closed","ping_status":"closed","template":"","meta":{"footnotes":""},"class_list":["post-433","page","type-page","status-publish","hentry"],"_links":{"self":[{"href":"https:\/\/psicologianurialopez.es\/en\/wp-json\/wp\/v2\/pages\/433","targetHints":{"allow":["GET"]}}],"collection":[{"href":"https:\/\/psicologianurialopez.es\/en\/wp-json\/wp\/v2\/pages"}],"about":[{"href":"https:\/\/psicologianurialopez.es\/en\/wp-json\/wp\/v2\/types\/page"}],"author":[{"embeddable":true,"href":"https:\/\/psicologianurialopez.es\/en\/wp-json\/wp\/v2\/users\/2"}],"replies":[{"embeddable":true,"href":"https:\/\/psicologianurialopez.es\/en\/wp-json\/wp\/v2\/comments?post=433"}],"version-history":[{"count":34,"href":"https:\/\/psicologianurialopez.es\/en\/wp-json\/wp\/v2\/pages\/433\/revisions"}],"predecessor-version":[{"id":844,"href":"https:\/\/psicologianurialopez.es\/en\/wp-json\/wp\/v2\/pages\/433\/revisions\/844"}],"wp:attachment":[{"href":"https:\/\/psicologianurialopez.es\/en\/wp-json\/wp\/v2\/media?parent=433"}],"curies":[{"name":"wp","href":"https:\/\/api.w.org\/{rel}","templated":true}]}}