{"id":13,"date":"2025-07-28T14:46:23","date_gmt":"2025-07-28T12:46:23","guid":{"rendered":"https:\/\/psicologianurialopez.es\/?page_id=13"},"modified":"2025-10-26T11:09:38","modified_gmt":"2025-10-26T10:09:38","slug":"aviso-legal","status":"publish","type":"page","link":"https:\/\/psicologianurialopez.es\/en\/aviso-legal\/","title":{"rendered":"Aviso legal"},"content":{"rendered":"<p><strong>1. DATOS IDENTIFICATIVOS<\/strong><\/p>\n\n\n\n<p>De conformidad con el art\u00edculo 10 de la Ley 34\/2002, de 11 de julio, de Servicios de la Sociedad de la Informaci\u00f3n y Comercio Electr\u00f3nico, se exponen los siguientes datos identificativos:<\/p>\n\n\n\n<p>Titular de la p\u00e1gina web: Nuria L\u00f3pez Marcos<\/p>\n\n\n\n<p>CIF: 53439856T<\/p>\n\n\n\n<p>Direcci\u00f3n: calle arroyo, 5 , 28850 Torrej\u00f3n de Ardoz, Madrid<\/p>\n\n\n\n<p>Correo electr\u00f3nico: hola@psicologianurialopez.es<br>Sitio web: https:\/\/psicologianurialopez.es\/<\/p>\n\n\n\n<p><strong>2. USUARIOS<\/strong><\/p>\n\n\n\n<p>El acceso y uso de este sitio web le atribuye la condici\u00f3n de USUARIO, que acepta cumplir los presentes t\u00e9rminos y condiciones de uso.<\/p>\n\n\n\n<p><strong>3. USO DEL SITIO WEB<\/strong><\/p>\n\n\n\n<p>El USUARIO se compromete a hacer un uso adecuado de los contenidos de esta p\u00e1gina web, siguiendo fines l\u00edcitos y sin contravenir la legislaci\u00f3n vigente o alterar el orden p\u00fablico.<\/p>\n\n\n\n<p>Queda prohibido el uso del sitio web con fines ilegales o no autorizados.<\/p>\n\n\n\n<p><strong>4. PROPIEDAD INTELECTUAL E INDUSTRIAL<\/strong><\/p>\n\n\n\n<p>La psic\u00f3loga Nuria L\u00f3pez Marcos es titular de todos los derechos sobre el nombre de dominio https:\/\/psicologianurialopez.es\/ y de los contenidos publicados en el mismo.<\/p>\n\n\n\n<p>No se permite la reproducci\u00f3n, distribuci\u00f3n o modificaci\u00f3n total o parcial de esta p\u00e1gina web sin autorizaci\u00f3n previa y por escrito.<\/p>\n\n\n\n<p><strong>5. EXCLUSI\u00d3N DE RESPONSABILIDAD<\/strong><\/p>\n\n\n\n<p>La psic\u00f3loga procura que la informaci\u00f3n publicada sea correcta y actualizada, pero no se responsabiliza de errores u omisiones ni de los da\u00f1os que puedan derivarse del uso de esta informaci\u00f3n.<\/p>\n\n\n\n<p><strong>6. MODIFICACIONES<\/strong><\/p>\n\n\n\n<p>Nuria L\u00f3pez Marcos se reserva el derecho a modificar unilateralmente estas condiciones en cualquier momento, siendo efectivas desde el momento de su publicaci\u00f3n.<\/p>\n\n\n\n<p><strong>7. LEGISLACI\u00d3N APLICABLE Y JURISDICCI\u00d3N<\/strong><\/p>\n\n\n\n<p>La relaci\u00f3n entre Nuria L\u00f3pez Marcos y el USUARIO se regir\u00e1 por la normativa espa\u00f1ola vigente. Las partes renuncian expresamente al fuero que les pudiera corresponder y se someten expresamente a los Juzgados y Tribunales de Madrid capital.<\/p>","protected":false},"excerpt":{"rendered":"<p>1. DATOS IDENTIFICATIVOS De conformidad con el art\u00edculo 10 de la Ley 34\/2002, de 11 de julio, de Servicios de la Sociedad de la Informaci\u00f3n y Comercio Electr\u00f3nico, se exponen los siguientes datos identificativos: Titular de la p\u00e1gina web: Nuria L\u00f3pez Marcos CIF: 53439856T Direcci\u00f3n: calle arroyo, 5 , 28850 Torrej\u00f3n de Ardoz, Madrid Correo [&hellip;]<\/p>\n","protected":false},"author":2,"featured_media":0,"parent":0,"menu_order":0,"comment_status":"closed","ping_status":"closed","template":"","meta":{"footnotes":""},"class_list":["post-13","page","type-page","status-publish","hentry"],"_links":{"self":[{"href":"https:\/\/psicologianurialopez.es\/en\/wp-json\/wp\/v2\/pages\/13","targetHints":{"allow":["GET"]}}],"collection":[{"href":"https:\/\/psicologianurialopez.es\/en\/wp-json\/wp\/v2\/pages"}],"about":[{"href":"https:\/\/psicologianurialopez.es\/en\/wp-json\/wp\/v2\/types\/page"}],"author":[{"embeddable":true,"href":"https:\/\/psicologianurialopez.es\/en\/wp-json\/wp\/v2\/users\/2"}],"replies":[{"embeddable":true,"href":"https:\/\/psicologianurialopez.es\/en\/wp-json\/wp\/v2\/comments?post=13"}],"version-history":[{"count":3,"href":"https:\/\/psicologianurialopez.es\/en\/wp-json\/wp\/v2\/pages\/13\/revisions"}],"predecessor-version":[{"id":734,"href":"https:\/\/psicologianurialopez.es\/en\/wp-json\/wp\/v2\/pages\/13\/revisions\/734"}],"wp:attachment":[{"href":"https:\/\/psicologianurialopez.es\/en\/wp-json\/wp\/v2\/media?parent=13"}],"curies":[{"name":"wp","href":"https:\/\/api.w.org\/{rel}","templated":true}]}}