{"id":12,"date":"2025-07-28T14:46:13","date_gmt":"2025-07-28T12:46:13","guid":{"rendered":"https:\/\/psicologianurialopez.es\/?page_id=12"},"modified":"2025-09-23T08:58:13","modified_gmt":"2025-09-23T06:58:13","slug":"politica-de-cookies","status":"publish","type":"page","link":"https:\/\/psicologianurialopez.es\/en\/politica-de-cookies\/","title":{"rendered":"Pol\u00edtica de cookies"},"content":{"rendered":"<p><strong>1. INFORMACI\u00d3N SOBRE COOKIES<\/strong><\/p>\n\n\n\n<p>Una cookie es un peque\u00f1o archivo de texto que se almacena en el ordenador, smartphone, tableta o cualquier otro dispositivo del usuario que utilice para navegar a trav\u00e9s de Internet. Su utilidad es poder recuperar informaci\u00f3n sobre la navegaci\u00f3n que se efect\u00faa desde ese equipo para mejorar la usabilidad y personalizar la experiencia del usuario.<\/p>\n\n\n\n<p><strong>2. TIPOS DE COOKIES UTILIZADAS<\/strong><\/p>\n\n\n\n<p>Este sitio web utiliza cookies de sesi\u00f3n y cookies persistentes que, a su vez, pueden ser cookies propias o de terceros.<\/p>\n\n\n\n<p>Las cookies de sesi\u00f3n son cookies dise\u00f1adas para recabar y almacenar datos mientras el usuario accede a una p\u00e1gina web. Se suelen emplear para almacenar informaci\u00f3n que solo interesa conservar para la prestaci\u00f3n del servicio solicitado por el usuario en una sola ocasi\u00f3n.<\/p>\n\n\n\n<p>Las cookies persistentes son un tipo de cookies en el que los datos siguen almacenados en el terminal y pueden ser accedidos y tratados durante un periodo definido por el responsable de la cookie.<\/p>\n\n\n\n<p>Cookies propias: Son aqu\u00e9llas que se env\u00edan al equipo terminal del usuario desde un equipo o dominio gestionado por el propio editor y desde el que se presta el servicio solicitado por el usuario.<\/p>\n\n\n\n<p>Cookies de terceros: Son aqu\u00e9llas que se env\u00edan al equipo terminal del usuario desde un equipo o dominio que no es gestionado por el editor, sino por otra entidad que trata los datos obtenidos trav\u00e9s de las cookies.<\/p>\n\n\n\n<p><strong>3. FINALIDADES DE LAS COOKIES<\/strong><\/p>\n\n\n\n<p>\u2013 Cookies t\u00e9cnicas: posibilitan la navegaci\u00f3n y utilizaci\u00f3n de las diferentes opciones y servicios del sitio web.<\/p>\n\n\n\n<p>\u2013 Cookies de an\u00e1lisis: permiten analizar la actividad del sitio web para realizar mejoras en base al uso que hacen los usuarios.<\/p>\n\n\n\n<p>\u2013 Cookies publicitarias: permiten gestionar los espacios de publicidad del sitio web.<\/p>\n\n\n\n<p>\u2013 Cookies de publicidad comportamental: almacenan informaci\u00f3n del comportamiento de los usuarios para personalizar la publicidad.<\/p>\n\n\n\n<p><strong>4. REVOCACI\u00d3N Y ELIMINACI\u00d3N DE COOKIES<\/strong><\/p>\n\n\n\n<p>El usuario puede configurar su navegador para aceptar, o no, las cookies que recibe o para que el navegador le avise cuando un servidor quiera guardar una cookie. Adem\u00e1s, el usuario puede borrar manualmente las cookies almacenadas en su dispositivo a trav\u00e9s de las opciones de configuraci\u00f3n de su navegador.<\/p>\n\n\n\n<p><strong>5. ACTUALIZACI\u00d3N DE LA POL\u00cdTICA DE COOKIES<\/strong><\/p>\n\n\n\n<p>Es posible que esta Pol\u00edtica de Cookies requiera actualizaciones para adaptarse a normativas o incluir nuevas cookies. Se recomienda consultar este documento peri\u00f3dicamente.<\/p>\n\n\n\n<p><strong>6. CONTACTO<\/strong><\/p>\n\n\n\n<p>En caso de duda o consulta sobre esta Pol\u00edtica de Cookies, puede contactar con la psic\u00f3loga Nuria L\u00f3pez Marcos en la direcci\u00f3n de correo electr\u00f3nico hola@psicologianurialopez.es<\/p>","protected":false},"excerpt":{"rendered":"<p>1. INFORMACI\u00d3N SOBRE COOKIES Una cookie es un peque\u00f1o archivo de texto que se almacena en el ordenador, smartphone, tableta o cualquier otro dispositivo del usuario que utilice para navegar a trav\u00e9s de Internet. Su utilidad es poder recuperar informaci\u00f3n sobre la navegaci\u00f3n que se efect\u00faa desde ese equipo para mejorar la usabilidad y personalizar [&hellip;]<\/p>\n","protected":false},"author":2,"featured_media":0,"parent":0,"menu_order":0,"comment_status":"closed","ping_status":"closed","template":"","meta":{"footnotes":""},"class_list":["post-12","page","type-page","status-publish","hentry"],"_links":{"self":[{"href":"https:\/\/psicologianurialopez.es\/en\/wp-json\/wp\/v2\/pages\/12","targetHints":{"allow":["GET"]}}],"collection":[{"href":"https:\/\/psicologianurialopez.es\/en\/wp-json\/wp\/v2\/pages"}],"about":[{"href":"https:\/\/psicologianurialopez.es\/en\/wp-json\/wp\/v2\/types\/page"}],"author":[{"embeddable":true,"href":"https:\/\/psicologianurialopez.es\/en\/wp-json\/wp\/v2\/users\/2"}],"replies":[{"embeddable":true,"href":"https:\/\/psicologianurialopez.es\/en\/wp-json\/wp\/v2\/comments?post=12"}],"version-history":[{"count":3,"href":"https:\/\/psicologianurialopez.es\/en\/wp-json\/wp\/v2\/pages\/12\/revisions"}],"predecessor-version":[{"id":732,"href":"https:\/\/psicologianurialopez.es\/en\/wp-json\/wp\/v2\/pages\/12\/revisions\/732"}],"wp:attachment":[{"href":"https:\/\/psicologianurialopez.es\/en\/wp-json\/wp\/v2\/media?parent=12"}],"curies":[{"name":"wp","href":"https:\/\/api.w.org\/{rel}","templated":true}]}}